{"id":70,"date":"2022-10-04T16:27:21","date_gmt":"2022-10-04T14:27:21","guid":{"rendered":"http:\/\/dendronaute.fr\/?page_id=70"},"modified":"2022-10-05T09:28:50","modified_gmt":"2022-10-05T07:28:50","slug":"maintenance","status":"publish","type":"page","link":"https:\/\/dendronaute.fr\/","title":{"rendered":"Maintenance"},"content":{"rendered":"\n<h1>\n\t\tD\u00e9sol\u00e9, ce site est en maintenance pour le moment!\n\t<\/h1>\n\t<p><strong>Vous pouvez toujours me contacter aux coordonn\u00e9es habituelles:<\/strong><\/p>\n<ul>\n<li><strong>par t\u00e9l\u00e9phone au 06 11 65 25 87<\/strong><\/li>\n<li><strong>par email sur <a href=\"mailto:contact@dendronaute.fr\">contact@dendronaute.fr<\/a><\/strong><\/li>\n<\/ul>\n<p>&nbsp;<\/p>\n<p><strong>Merci pour votre compr\u00e9hension.<\/strong><\/p>\n\n","protected":false},"excerpt":{"rendered":"<p>D\u00e9sol\u00e9, ce site est en maintenance pour le moment! Vous pouvez toujours me contacter aux coordonn\u00e9es habituelles: par t\u00e9l\u00e9phone au 06 11 65 25 87 par email sur contact@dendronaute.fr &nbsp; Merci pour votre compr\u00e9hension.<\/p>\n","protected":false},"author":1,"featured_media":0,"parent":0,"menu_order":0,"comment_status":"closed","ping_status":"closed","template":"","meta":{"footnotes":""},"class_list":["post-70","page","type-page","status-publish","hentry"],"_links":{"self":[{"href":"https:\/\/dendronaute.fr\/index.php\/wp-json\/wp\/v2\/pages\/70","targetHints":{"allow":["GET"]}}],"collection":[{"href":"https:\/\/dendronaute.fr\/index.php\/wp-json\/wp\/v2\/pages"}],"about":[{"href":"https:\/\/dendronaute.fr\/index.php\/wp-json\/wp\/v2\/types\/page"}],"author":[{"embeddable":true,"href":"https:\/\/dendronaute.fr\/index.php\/wp-json\/wp\/v2\/users\/1"}],"replies":[{"embeddable":true,"href":"https:\/\/dendronaute.fr\/index.php\/wp-json\/wp\/v2\/comments?post=70"}],"version-history":[{"count":5,"href":"https:\/\/dendronaute.fr\/index.php\/wp-json\/wp\/v2\/pages\/70\/revisions"}],"predecessor-version":[{"id":80,"href":"https:\/\/dendronaute.fr\/index.php\/wp-json\/wp\/v2\/pages\/70\/revisions\/80"}],"wp:attachment":[{"href":"https:\/\/dendronaute.fr\/index.php\/wp-json\/wp\/v2\/media?parent=70"}],"curies":[{"name":"wp","href":"https:\/\/api.w.org\/{rel}","templated":true}]}}